{"id":69,"date":"2026-03-24T02:38:58","date_gmt":"2026-03-24T02:38:58","guid":{"rendered":"http:\/\/duaghienn.click\/index.php\/booking\/"},"modified":"2026-03-26T05:37:57","modified_gmt":"2026-03-26T05:37:57","slug":"dang-ky-thanh-vien","status":"publish","type":"page","link":"https:\/\/duaghienn.click\/index.php\/dang-ky-thanh-vien\/","title":{"rendered":"\u0110\u0102NG K\u00dd TH\u00c0NH VI\u00caN"},"content":{"rendered":"\t\t<div data-elementor-type=\"wp-page\" data-elementor-id=\"69\" class=\"elementor elementor-69\">\n\t\t\t\t<div class=\"elementor-element elementor-element-90a2e0a e-flex e-con-boxed e-con e-parent\" data-id=\"90a2e0a\" data-element_type=\"container\" data-e-type=\"container\">\n\t\t\t\t\t<div class=\"e-con-inner\">\n\t\t<div class=\"elementor-element elementor-element-5eddce2b e-con-full e-flex e-con e-child\" data-id=\"5eddce2b\" data-element_type=\"container\" data-e-type=\"container\">\n\t\t\t\t<div class=\"elementor-element elementor-element-2ac60f9b animated-fast elementor-widget__width-inherit elementor-invisible elementor-widget elementor-widget-flex-hero\" data-id=\"2ac60f9b\" data-element_type=\"widget\" data-e-type=\"widget\" data-settings=\"{&quot;layout_preset&quot;:&quot;storytelling&quot;,&quot;primary_button_shape&quot;:&quot;round&quot;,&quot;_animation&quot;:&quot;fadeIn&quot;,&quot;_animation_delay&quot;:&quot;100&quot;,&quot;image_shape&quot;:&quot;sharp&quot;,&quot;box_shape&quot;:&quot;sharp&quot;}\" data-widget_type=\"flex-hero.default\">\n\t\t\t\t<div class=\"elementor-widget-container\">\n\t\t\t\t\t\t\t<div class=\"has-shape-sharp shape-type-box ehp-flex-hero has-layout-preset-storytelling\">\n\t\t\t\t\t\t<div class=\"ehp-flex-hero__overlay\"><\/div>\n\t\t\t<div class=\"ehp-flex-hero__content-container\">\n\t\t\t\t<p class=\"ehp-flex-hero__intro\">\u0110\u0102NG K\u00dd TH\u00c0NH VI\u00caN <\/p><p class=\"ehp-flex-hero__heading\">D\u1eeaA GHI\u1ec0N<\/p>\t\t\t<div class=\"ehp-flex-hero__ctas-container\">\n\t\t\t\t\t\t\t\t\t\t\t<\/div>\n\t\t\t\t\t<\/div>\n\t\t\t\t<div class=\"ehp-flex-hero__image-wrapper\">\n\t\t\t\t<\/div>\n\t\t\t\t<\/div>\n\t\t\t\t\t\t<\/div>\n\t\t\t\t<\/div>\n\t\t\t\t<\/div>\n\t\t<div class=\"elementor-element elementor-element-3db3e19b e-con-full e-flex e-con e-child\" data-id=\"3db3e19b\" data-element_type=\"container\" data-e-type=\"container\">\n\t\t\t\t<div class=\"elementor-element elementor-element-4858229 elementor-widget elementor-widget-cta\" data-id=\"4858229\" data-element_type=\"widget\" data-e-type=\"widget\" data-settings=\"{&quot;layout_preset&quot;:&quot;storytelling&quot;,&quot;primary_button_shape&quot;:&quot;round&quot;,&quot;content_alignment&quot;:&quot;center&quot;,&quot;content_alignment_tablet&quot;:&quot;center&quot;,&quot;content_alignment_mobile&quot;:&quot;center&quot;,&quot;image_shape&quot;:&quot;sharp&quot;,&quot;secondary_button_shape&quot;:&quot;default&quot;,&quot;cta_width&quot;:&quot;default&quot;,&quot;cta_position&quot;:&quot;default&quot;,&quot;box_shape&quot;:&quot;sharp&quot;}\" data-widget_type=\"cta.default\">\n\t\t\t\t<div class=\"elementor-widget-container\">\n\t\t\t\t\t\t\t<div class=\"has-shape-sharp shape-type-box ehp-cta has-preset-storytelling\">\n\t\t\t<div class=\"ehp-cta__overlay\"><\/div>\n\t\t\t<div class=\"ehp-cta__elements-container\">\n\t\t\t\t\t\t<div class=\"ehp-cta__text-container\">\n\t\t\t<h2 class=\"ehp-cta__heading\">\u0110\u0102NG K\u00dd NGAY<\/h2><p class=\"ehp-cta__description\">\u0110\u1ec2 NH\u1eacN \u0110\u01af\u1ee2C NHI\u1ec0U \u01afU \u0110\u00c3I H\u01a0N \u0110\u1ebeN T\u1eea D\u1eeaA GHI\u1ec0N NH\u00c9 !!!<\/p>\t\t<\/div>\n\t\t\t\t\t<div class=\"ehp-cta__ctas-container has-cta-width-default\">\n\t\t\t\t<div class=\"ehp-cta__buttons-wrapper\">\n\t\t\t\t\t\t\t\t\t\t\t\t\t\t<\/div>\n\t\t\t<\/div>\n\t\t\t\t\t<\/div>\n\t\t<\/div>\n\t\t\t\t\t\t<\/div>\n\t\t\t\t<\/div>\n\t\t\t\t<\/div>\n\t\t<div class=\"elementor-element elementor-element-3d62b6a1 e-con-full e-flex e-con e-child\" data-id=\"3d62b6a1\" data-element_type=\"container\" data-e-type=\"container\">\n\t\t\t\t<div class=\"elementor-element elementor-element-1ea14bef elementor-widget elementor-widget-image\" data-id=\"1ea14bef\" data-element_type=\"widget\" data-e-type=\"widget\" data-widget_type=\"image.default\">\n\t\t\t\t\t\t\t\t\t\t\t\t\t\t\t<img fetchpriority=\"high\" decoding=\"async\" width=\"424\" height=\"627\" src=\"https:\/\/duaghienn.click\/wp-content\/uploads\/2026\/03\/Anh-chup-man-hinh-2026-03-24-101815.png\" class=\"attachment-full size-full wp-image-116\" alt=\"\" srcset=\"https:\/\/duaghienn.click\/wp-content\/uploads\/2026\/03\/Anh-chup-man-hinh-2026-03-24-101815.png 424w, https:\/\/duaghienn.click\/wp-content\/uploads\/2026\/03\/Anh-chup-man-hinh-2026-03-24-101815-203x300.png 203w\" sizes=\"(max-width: 424px) 100vw, 424px\" \/>\t\t\t\t\t\t\t\t\t\t\t\t\t\t\t<\/div>\n\t\t\t\t<\/div>\n\t\t<div class=\"elementor-element elementor-element-401ffc7a e-con-full e-flex e-con e-child\" data-id=\"401ffc7a\" data-element_type=\"container\" data-e-type=\"container\">\n\t\t\t\t<div class=\"elementor-element elementor-element-acfd9fd elementor-widget elementor-widget-ehp-form\" data-id=\"acfd9fd\" data-element_type=\"widget\" data-e-type=\"widget\" data-settings=\"{&quot;layout_preset&quot;:&quot;quick-connect&quot;,&quot;button_width&quot;:&quot;100&quot;,&quot;button_shape&quot;:&quot;default&quot;,&quot;box_shape&quot;:&quot;sharp&quot;}\" data-widget_type=\"ehp-form.default\">\n\t\t\t\t<div class=\"elementor-widget-container\">\n\t\t\t\t\t\t\t<form class=\"has-shape-sharp shape-type-box ehp-form has-layout-preset-quick-connect\" name=\"M\u1eabu bi\u1ec3u m\u1edbi\" method=\"post\" id=\"\">\n\t\t\t\t\t<div class=\"ehp-form__text-container\">\n\t\t\t<h2 class=\"ehp-form__heading\">\u0110\u0102NG K\u00dd <\/h2><p class=\"ehp-form__description\">H\u00e3y \u0111i\u1ec1n v\u00e0o bi\u1ec3u m\u1eabu b\u00ean d\u01b0\u1edbi v\u00e0 ch\u00fang t\u00f4i s\u1ebd li\u00ean h\u1ec7 v\u1edbi b\u1ea1n s\u1edbm nh\u1ea5t c\u00f3 th\u1ec3.<\/p>\t\t<\/div>\n\t\t\t\t\t<input type=\"hidden\" name=\"post_id\" value=\"69\"\/>\n\t\t\t<input type=\"hidden\" name=\"form_id\" value=\"acfd9fd\"\/>\n\t\t\t<input type=\"hidden\" name=\"referer_title\" value=\"\"\/>\n\n\t\t\t\n\t\t\t<div class=\"ehp-form__content\">\n\t\t\t\t\t\t\t\t<div class=\"ehp-form__wrapper\">\n\t\t\t\t\t\t\t\t\t\t\t<div class=\"ehp-form__field-group is-field-type-text is-field-group-name has-width-100 has-border has-shape-default\">\n\t\t\t\t\t\t\t\t\t\t\t\t\t\t\t<label for=\"form-field-name\" class=\"ehp-form__field-label\">\n\t\t\t\t\t\t\t\t\tT\u00ean\t\t\t\t\t\t\t\t<\/label>\n\t\t\t\t\t\t\t\t\t\t\t\t\t\t\t\t\t<input size=\"1\" type=\"text\" name=\"form_fields[name]\" id=\"form-field-name\" class=\"ehp-form__field elementor-size-sm  elementor-field-textual\" placeholder=\"T\u00ean\">\n\t\t\t\t\t\t\t\t\t\t\t\t\t\t\t<\/div>\n\t\t\t\t\t\t\t\t\t\t\t<div class=\"ehp-form__field-group is-field-type-email is-field-group-email has-width-100 is-field-required has-border has-shape-default\">\n\t\t\t\t\t\t\t\t\t\t\t\t\t\t\t<label for=\"form-field-email\" class=\"ehp-form__field-label\">\n\t\t\t\t\t\t\t\t\tEmail\t\t\t\t\t\t\t\t<\/label>\n\t\t\t\t\t\t\t\t\t\t\t\t\t\t\t\t\t<input size=\"1\" type=\"email\" name=\"form_fields[email]\" id=\"form-field-email\" class=\"ehp-form__field elementor-size-sm  elementor-field-textual\" placeholder=\"Email\" required=\"required\" aria-required=\"true\">\n\t\t\t\t\t\t\t\t\t\t\t\t\t\t\t<\/div>\n\t\t\t\t\t\t\t\t\t\t\t<div class=\"ehp-form__field-group is-field-type-textarea is-field-group-message has-width-100 has-border has-shape-default\">\n\t\t\t\t\t\t\t\t\t\t\t\t\t\t\t<label for=\"form-field-message\" class=\"ehp-form__field-label\">\n\t\t\t\t\t\t\t\t\tN\u1ed9i dung tin nh\u1eafn\t\t\t\t\t\t\t\t<\/label>\n\t\t\t\t\t\t\t\t<textarea class=\"elementor-field-textual ehp-form__field eph-form__textarea  elementor-size-sm\" name=\"form_fields[message]\" id=\"form-field-message\" rows=\"4\" placeholder=\"N\u1ed9i dung tin nh\u1eafn\"><\/textarea>\t\t\t\t\t\t<\/div>\n\t\t\t\t\t\t\t\t\t\t\t\t<div class=\"ehp-form__submit-group has-width-100\">\n\t\t\t<button class=\"has-shape-default shape-type-button ehp-form__button is-type-button\" type=\"submit\">\n\t\t\t\t\t\t\t\t\t\t\t\t\t\n\t\t\t\t\t\t\t\t\t<span class=\"ehp-form__button-text\">\u0110\u0102NG K\u00dd<\/span>\n\t\t\t\t\t\t\t<\/button>\n\t\t<\/div>\n\t\t\t\t\t\t<\/div>\n\t\t\t<\/div>\n\t\t\t<div class=\"ehp-form__overlay\"><\/div>\n\t\t<\/form>\n\t\t\t\t\t\t<\/div>\n\t\t\t\t<\/div>\n\t\t\t\t<\/div>\n\t\t\t\t\t<\/div>\n\t\t\t\t<\/div>\n\t\t<div class=\"elementor-element elementor-element-3fb84b47 e-flex e-con-boxed e-con e-parent\" data-id=\"3fb84b47\" data-element_type=\"container\" data-e-type=\"container\" data-settings=\"{&quot;background_background&quot;:&quot;classic&quot;,&quot;shape_divider_top&quot;:&quot;mountains&quot;}\">\n\t\t\t\t\t<div class=\"e-con-inner\">\n\t\t\t\t<div class=\"elementor-shape elementor-shape-top\" aria-hidden=\"true\" data-negative=\"false\">\n\t\t\t<svg xmlns=\"http:\/\/www.w3.org\/2000\/svg\" viewBox=\"0 0 1000 100\" preserveAspectRatio=\"none\">\n\t<path class=\"elementor-shape-fill\" opacity=\"0.33\" d=\"M473,67.3c-203.9,88.3-263.1-34-320.3,0C66,119.1,0,59.7,0,59.7V0h1000v59.7 c0,0-62.1,26.1-94.9,29.3c-32.8,3.3-62.8-12.3-75.8-22.1C806,49.6,745.3,8.7,694.9,4.7S492.4,59,473,67.3z\"\/>\n\t<path class=\"elementor-shape-fill\" opacity=\"0.66\" d=\"M734,67.3c-45.5,0-77.2-23.2-129.1-39.1c-28.6-8.7-150.3-10.1-254,39.1 s-91.7-34.4-149.2,0C115.7,118.3,0,39.8,0,39.8V0h1000v36.5c0,0-28.2-18.5-92.1-18.5C810.2,18.1,775.7,67.3,734,67.3z\"\/>\n\t<path class=\"elementor-shape-fill\" d=\"M766.1,28.9c-200-57.5-266,65.5-395.1,19.5C242,1.8,242,5.4,184.8,20.6C128,35.8,132.3,44.9,89.9,52.5C28.6,63.7,0,0,0,0 h1000c0,0-9.9,40.9-83.6,48.1S829.6,47,766.1,28.9z\"\/>\n<\/svg>\t\t<\/div>\n\t\t<div class=\"elementor-element elementor-element-6786a406 e-con-full e-flex e-con e-child\" data-id=\"6786a406\" data-element_type=\"container\" data-e-type=\"container\">\n\t\t\t\t<div class=\"elementor-element elementor-element-2c703726 elementor-widget elementor-widget-image\" data-id=\"2c703726\" data-element_type=\"widget\" data-e-type=\"widget\" data-widget_type=\"image.default\">\n\t\t\t\t\t\t\t\t\t\t\t\t\t\t\t<img decoding=\"async\" width=\"548\" height=\"542\" src=\"https:\/\/duaghienn.click\/wp-content\/uploads\/2026\/03\/Anh-chup-man-hinh-2026-03-24-100221.png\" class=\"attachment-large size-large wp-image-110\" alt=\"\" srcset=\"https:\/\/duaghienn.click\/wp-content\/uploads\/2026\/03\/Anh-chup-man-hinh-2026-03-24-100221.png 548w, https:\/\/duaghienn.click\/wp-content\/uploads\/2026\/03\/Anh-chup-man-hinh-2026-03-24-100221-300x297.png 300w\" sizes=\"(max-width: 548px) 100vw, 548px\" \/>\t\t\t\t\t\t\t\t\t\t\t\t\t\t\t<\/div>\n\t\t\t\t<\/div>\n\t\t<div class=\"elementor-element elementor-element-7008c6c2 e-con-full e-flex e-con e-child\" data-id=\"7008c6c2\" data-element_type=\"container\" data-e-type=\"container\">\n\t\t\t\t<div class=\"elementor-element elementor-element-76e82417 animated-fast elementor-widget__width-inherit elementor-invisible elementor-widget elementor-widget-flex-hero\" data-id=\"76e82417\" data-element_type=\"widget\" data-e-type=\"widget\" data-settings=\"{&quot;layout_preset&quot;:&quot;storytelling&quot;,&quot;primary_button_shape&quot;:&quot;round&quot;,&quot;_animation&quot;:&quot;fadeIn&quot;,&quot;_animation_delay&quot;:&quot;100&quot;,&quot;image_shape&quot;:&quot;sharp&quot;,&quot;box_shape&quot;:&quot;sharp&quot;}\" data-widget_type=\"flex-hero.default\">\n\t\t\t\t<div class=\"elementor-widget-container\">\n\t\t\t\t\t\t\t<div class=\"has-shape-sharp shape-type-box ehp-flex-hero has-layout-preset-storytelling\">\n\t\t\t\t\t\t<div class=\"ehp-flex-hero__overlay\"><\/div>\n\t\t\t<div class=\"ehp-flex-hero__content-container\">\n\t\t\t\t<p class=\"ehp-flex-hero__intro\">NH\u1eacP EMAIL \u0110\u1ec2 \u0110\u01af\u1ee2C NH\u1eacN NHI\u1ec0U QU\u00c0 TH\u01af\u1edeNG \u0110\u1eb6C BI\u1ec6T !<\/p><h2 class=\"ehp-flex-hero__heading\">GIA NH\u1eacP NGAY !!!<\/h2>\t\t\t<div class=\"ehp-flex-hero__ctas-container\">\n\t\t\t\t\t\t\t\t\t\t\t<\/div>\n\t\t\t\t\t<\/div>\n\t\t\t\t<div class=\"ehp-flex-hero__image-wrapper\">\n\t\t\t\t<\/div>\n\t\t\t\t<\/div>\n\t\t\t\t\t\t<\/div>\n\t\t\t\t<\/div>\n\t\t\t\t<div class=\"elementor-element elementor-element-297807fa elementor-widget__width-inherit elementor-widget elementor-widget-ehp-form\" data-id=\"297807fa\" data-element_type=\"widget\" data-e-type=\"widget\" data-settings=\"{&quot;button_width&quot;:&quot;50&quot;,&quot;button_width_tablet&quot;:&quot;100&quot;,&quot;button_shape&quot;:&quot;round&quot;,&quot;layout_preset&quot;:&quot;quick-connect&quot;,&quot;box_shape&quot;:&quot;sharp&quot;}\" data-widget_type=\"ehp-form.default\">\n\t\t\t\t<div class=\"elementor-widget-container\">\n\t\t\t\t\t\t\t<form class=\"has-shape-sharp shape-type-box ehp-form has-layout-preset-quick-connect\" name=\"New Form\" method=\"post\" id=\"\">\n\t\t\t\t\t<div class=\"ehp-form__text-container\">\n\t\t\t\t\t<\/div>\n\t\t\t\t\t<input type=\"hidden\" name=\"post_id\" value=\"69\"\/>\n\t\t\t<input type=\"hidden\" name=\"form_id\" value=\"297807fa\"\/>\n\t\t\t<input type=\"hidden\" name=\"referer_title\" value=\"\"\/>\n\n\t\t\t\n\t\t\t<div class=\"ehp-form__content\">\n\t\t\t\t\t\t\t\t<div class=\"ehp-form__wrapper\">\n\t\t\t\t\t\t\t\t\t\t\t<div class=\"ehp-form__field-group is-field-type-email is-field-group-email has-width-50 is-field-required has-border has-shape-round\">\n\t\t\t\t\t\t\t\t\t\t\t\t\t\t\t<label for=\"form-field-email\" class=\"ehp-form__field-label elementor-screen-only\">\n\t\t\t\t\t\t\t\t\tEmail\t\t\t\t\t\t\t\t<\/label>\n\t\t\t\t\t\t\t\t\t\t\t\t\t\t\t\t\t<input size=\"1\" type=\"email\" name=\"form_fields[email]\" id=\"form-field-email\" class=\"ehp-form__field elementor-size-xs  elementor-field-textual\" placeholder=\"Email\" required=\"required\" aria-required=\"true\">\n\t\t\t\t\t\t\t\t\t\t\t\t\t\t\t<\/div>\n\t\t\t\t\t\t\t\t\t\t\t\t<div class=\"ehp-form__submit-group has-width-50 has-width-md-100 has-button-align-flex-start\">\n\t\t\t<button class=\"has-shape-round shape-type-button ehp-form__button is-type-button\" type=\"submit\">\n\t\t\t\t\t\t\t\t\t\t\t\t\t\n\t\t\t\t\t\t\t\t\t<span class=\"ehp-form__button-text\">Sign Up<\/span>\n\t\t\t\t\t\t\t<\/button>\n\t\t<\/div>\n\t\t\t\t\t\t<\/div>\n\t\t\t<\/div>\n\t\t\t<div class=\"ehp-form__overlay\"><\/div>\n\t\t<\/form>\n\t\t\t\t\t\t<\/div>\n\t\t\t\t<\/div>\n\t\t\t\t<\/div>\n\t\t\t\t\t<\/div>\n\t\t\t\t<\/div>\n\t\t\t\t<\/div>\n\t\t","protected":false},"excerpt":{"rendered":"<p>\u0110\u0102NG K\u00dd TH\u00c0NH VI\u00caN D\u1eeaA GHI\u1ec0N \u0110\u0102NG K\u00dd NGAY \u0110\u1ec2 NH\u1eacN \u0110\u01af\u1ee2C NHI\u1ec0U \u01afU \u0110\u00c3I H\u01a0N \u0110\u1ebeN T\u1eea D\u1eeaA GHI\u1ec0N NH\u00c9 !!! NH\u1eacP EMAIL \u0110\u1ec2 \u0110\u01af\u1ee2C NH\u1eacN NHI\u1ec0U QU\u00c0 TH\u01af\u1edeNG \u0110\u1eb6C BI\u1ec6T ! GIA NH\u1eacP NGAY !!!<\/p>\n","protected":false},"author":1,"featured_media":0,"parent":0,"menu_order":0,"comment_status":"closed","ping_status":"closed","template":"elementor_header_footer","meta":{"footnotes":""},"class_list":["post-69","page","type-page","status-publish","hentry"],"_links":{"self":[{"href":"https:\/\/duaghienn.click\/index.php\/wp-json\/wp\/v2\/pages\/69","targetHints":{"allow":["GET"]}}],"collection":[{"href":"https:\/\/duaghienn.click\/index.php\/wp-json\/wp\/v2\/pages"}],"about":[{"href":"https:\/\/duaghienn.click\/index.php\/wp-json\/wp\/v2\/types\/page"}],"author":[{"embeddable":true,"href":"https:\/\/duaghienn.click\/index.php\/wp-json\/wp\/v2\/users\/1"}],"replies":[{"embeddable":true,"href":"https:\/\/duaghienn.click\/index.php\/wp-json\/wp\/v2\/comments?post=69"}],"version-history":[{"count":14,"href":"https:\/\/duaghienn.click\/index.php\/wp-json\/wp\/v2\/pages\/69\/revisions"}],"predecessor-version":[{"id":162,"href":"https:\/\/duaghienn.click\/index.php\/wp-json\/wp\/v2\/pages\/69\/revisions\/162"}],"wp:attachment":[{"href":"https:\/\/duaghienn.click\/index.php\/wp-json\/wp\/v2\/media?parent=69"}],"curies":[{"name":"wp","href":"https:\/\/api.w.org\/{rel}","templated":true}]}}